{"id":992,"date":"2023-10-04T12:30:00","date_gmt":"2023-10-04T09:30:00","guid":{"rendered":"https:\/\/demo2.tematikmedya.com\/ar-tarim-tohumculuk-san-ve-tic-a-s-privacy-of-personal-data-text\/"},"modified":"2023-10-25T16:41:48","modified_gmt":"2023-10-25T13:41:48","slug":"ar-tarim-tohumculuk-san-ve-tic-a-s-privacy-of-personal-data-text","status":"publish","type":"page","link":"https:\/\/seedpotatoacademy.com\/en\/ar-tarim-tohumculuk-san-ve-tic-a-s-privacy-of-personal-data-text\/","title":{"rendered":"AR TARIM Tohumculuk San Ve Tic A.S Privacy Of Personal Data Text"},"content":{"rendered":"\n<div class=\"wp-block-group\"><div class=\"wp-block-group__inner-container is-layout-constrained wp-block-group-is-layout-constrained\">\n<div class=\"wp-block-group\"><div class=\"wp-block-group__inner-container is-layout-constrained wp-block-group-is-layout-constrained\">\n<p>Your security means our security.<\/p>\n<p>As AR TARIM SAN. ve T\u0130C. A.\u015e. (AR AGRICULTURE INDUSTRY AND TRADE JOINT-STOCK COMPANY), we would like to share details regarding the Law for The Privacy of Personal Data which has been established so as to protect the fundamental rights and freedoms as well as personal data, including the privacy of data that you send\/share.<\/p>\n<p><br \/>I. Data Supervisor<\/p>\n<p><br \/>Your personal data can be processed, as data supervisor, by AR TARIM SAN. ve T\u0130C. A.\u015e. within the scope of the following issues in accordance with Law for The Privacy of Personal Data numbered 6698 (LPPI).<\/p>\n<p>II. Processing Purpose of the Personal Data<\/p>\n<p><br \/>The personal data that you have sent can be processed with the aim of ensuring legal and commercial security of people who have business relationship with the Company; maintaining, determining and carrying out the human resource policies of the Company as well as conditions and objectives for the processing of personal data which are identified in the Articles 5-6 of Law for The Privacy of Personal Data.<\/p>\n<p><br \/>III. Data Transfer: Its Objectives and Addressees<\/p>\n<p><br \/>Your personal data can be transferred to our business partners, Group companies, legally authorized state institutions and private person (s) within the scope of conditions and objectives for the processing of personal data which are identified in the Articles 8-9 of Law for The Privacy of Personal Data<br \/>Your personal data cannot be used for purposes other than mentioned above; it also will not be transferred to third parties\/person (s) other than legal responsibilities and governmental agencies.<\/p>\n<p><br \/>IV. Personal Data Collection and its Legal Reason<\/p>\n<p><br \/>Your personal data is collected through the records obtained from social media as well as the applications that you make via our website in accordance with the relevant regulations.<\/p>\n<p><br \/>V. Precautions regarding the Protection of Personal Data<\/p>\n<p><br \/>The company takes all kinds of necessary technical and administrative precautions regarding the protection of personal data.<\/p>\n<p><br \/>VI. Rights of the Personal Data Owner which are enumerated in the 11th Article of Law for The Privacy of Personal Information<\/p>\n<p>As the owners of Personal Data, if you notify the AR TARIM regarding your demands for the said rights by means of the methods expressed in the relevant procedure, our company will conclude \u2013free of charge- the demand at the soonest possible date and in thirty days at the latest depending on the quality of demand. On the other hand, if the relevant request process necessitates a specific amount of cost, Board of the Privacy of Personal Data can ask for a fee in accordance with the price list which is determined in the 13th Article of Law for The Privacy of Personal Information. In this context, the owners of personal data have the following rights in accordance with the<\/p>\n<p><br \/>11th Article of Law for The Privacy of Personal Data:<\/p>\n<p><br \/>\u2022 Learning whether Personal data is processed or not,<br \/>\u2022 Demanding information if the personal date is processed,<br \/>\u2022 Learning the purpose for processing of personal data as well as whether personal data is used in accordance with its purpose,<br \/>\u2022 Knowing the third parties that personal data is transferred (domestic or foreign)<br \/>\u2022 Demanding correction if the personal data is processed falsely or incompletely; demanding notification to the third parties, which receive personal data, regarding the process\/transaction performed within the scope of this issue,<br \/>\u2022 Demanding deletion or elimination of the personal data (despite being processed in accordance with relevant legal provisions) if the reasons for processing the said data are removed; demanding notification to the third parties, which receive personal data, regarding the process\/transaction performed within the scope of this issue,<br \/>\u2022 Objecting to an unfavorable outcome by analyzing the processed data via exclusively automatic systems,<br \/>\u2022 Demanding compensation if the concerned person suffers loss on account of the processing of personal data in an unlawful manner.<\/p>\n<p><br \/>You can send your request, which includes necessary identity information, explanations respecting the right you intend to use as well as the use of specific right in the 11th Article of Law for The Privacy of Personal Information, to the following address with registered letter with return receipt.<\/p>\n<p><br \/>The Data Supervisor whom you can apply to within the scope of Law for The Privacy of Personal Information terms is:<\/p>\n<p><br \/>AR TARIM SEED-GROWING<br \/>BARBAROS MAHALLESI, OYMAK CAD. NO :10<br \/>SUMER HUKUK PLAZA, B BLOK, KAT:8 38040<br \/>KOCASINAN \u2013 KAYSERI, TURKEY<\/p>\n<\/div><\/div>\n<\/div><\/div>\n","protected":false},"excerpt":{"rendered":"<p>Your security means our security. As AR TARIM SAN. ve T\u0130C. A.\u015e. (AR AGRICULTURE INDUSTRY AND TRADE JOINT-STOCK COMPANY), we [&#8230;]\n","protected":false},"author":1,"featured_media":646,"parent":0,"menu_order":0,"comment_status":"closed","ping_status":"closed","template":"page-artarim.php","meta":{"footnotes":""},"class_list":["post-992","page","type-page","status-publish","has-post-thumbnail","hentry"],"acf":[],"yoast_head":"<!-- This site is optimized with the Yoast SEO plugin v21.7 - https:\/\/yoast.com\/wordpress\/plugins\/seo\/ -->\n<title>AR TARIM Tohumculuk San Ve Tic A.S Privacy Of Personal Data Text - AR TARIM AKADEM\u0130<\/title>\n<meta name=\"robots\" content=\"index, follow, max-snippet:-1, max-image-preview:large, max-video-preview:-1\" \/>\n<link rel=\"canonical\" href=\"https:\/\/seedpotatoacademy.com\/gizlilik-politikasi\/\" \/>\n<meta property=\"og:locale\" content=\"en_US\" \/>\n<meta property=\"og:type\" content=\"article\" \/>\n<meta property=\"og:title\" content=\"AR TARIM Tohumculuk San Ve Tic A.S Privacy Of Personal Data Text - AR TARIM AKADEM\u0130\" \/>\n<meta property=\"og:description\" content=\"Your security means our security. As AR TARIM SAN. ve T\u0130C. A.\u015e. (AR AGRICULTURE INDUSTRY AND TRADE JOINT-STOCK COMPANY), we [...]\" \/>\n<meta property=\"og:url\" content=\"https:\/\/seedpotatoacademy.com\/gizlilik-politikasi\/\" \/>\n<meta property=\"og:site_name\" content=\"AR TARIM AKADEM\u0130\" \/>\n<meta property=\"article:publisher\" content=\"https:\/\/www.facebook.com\/artarimtohumculuk\" \/>\n<meta property=\"article:modified_time\" content=\"2023-10-25T13:41:48+00:00\" \/>\n<meta property=\"og:image\" content=\"https:\/\/seedpotatoacademy.com\/wp-content\/uploads\/2023\/10\/iletisim-head.jpg\" \/>\n\t<meta property=\"og:image:width\" content=\"1275\" \/>\n\t<meta property=\"og:image:height\" content=\"587\" \/>\n\t<meta property=\"og:image:type\" content=\"image\/jpeg\" \/>\n<meta name=\"twitter:card\" content=\"summary_large_image\" \/>\n<meta name=\"twitter:label1\" content=\"Est. reading time\" \/>\n\t<meta name=\"twitter:data1\" content=\"4 minutes\" \/>\n<script type=\"application\/ld+json\" class=\"yoast-schema-graph\">{\"@context\":\"https:\/\/schema.org\",\"@graph\":[{\"@type\":\"WebPage\",\"@id\":\"https:\/\/seedpotatoacademy.com\/gizlilik-politikasi\/\",\"url\":\"https:\/\/seedpotatoacademy.com\/gizlilik-politikasi\/\",\"name\":\"AR TARIM Tohumculuk San Ve Tic A.S Privacy Of Personal Data Text - AR TARIM AKADEM\u0130\",\"isPartOf\":{\"@id\":\"https:\/\/seedpotatoacademy.com\/#website\"},\"datePublished\":\"2023-10-04T09:30:00+00:00\",\"dateModified\":\"2023-10-25T13:41:48+00:00\",\"breadcrumb\":{\"@id\":\"https:\/\/seedpotatoacademy.com\/gizlilik-politikasi\/#breadcrumb\"},\"inLanguage\":\"en-US\",\"potentialAction\":[{\"@type\":\"ReadAction\",\"target\":[\"https:\/\/seedpotatoacademy.com\/gizlilik-politikasi\/\"]}]},{\"@type\":\"BreadcrumbList\",\"@id\":\"https:\/\/seedpotatoacademy.com\/gizlilik-politikasi\/#breadcrumb\",\"itemListElement\":[{\"@type\":\"ListItem\",\"position\":1,\"name\":\"Anasayfa\",\"item\":\"https:\/\/seedpotatoacademy.com\/en\/\"},{\"@type\":\"ListItem\",\"position\":2,\"name\":\"AR TARIM Tohumculuk San Ve Tic A.S Privacy Of Personal Data Text\"}]},{\"@type\":\"WebSite\",\"@id\":\"https:\/\/seedpotatoacademy.com\/#website\",\"url\":\"https:\/\/seedpotatoacademy.com\/\",\"name\":\"AR TARIM AKADEM\u0130\",\"description\":\"\",\"publisher\":{\"@id\":\"https:\/\/seedpotatoacademy.com\/#organization\"},\"potentialAction\":[{\"@type\":\"SearchAction\",\"target\":{\"@type\":\"EntryPoint\",\"urlTemplate\":\"https:\/\/seedpotatoacademy.com\/?s={search_term_string}\"},\"query-input\":\"required name=search_term_string\"}],\"inLanguage\":\"en-US\"},{\"@type\":\"Organization\",\"@id\":\"https:\/\/seedpotatoacademy.com\/#organization\",\"name\":\"AR TARIM AKADEM\u0130\",\"url\":\"https:\/\/seedpotatoacademy.com\/\",\"logo\":{\"@type\":\"ImageObject\",\"inLanguage\":\"en-US\",\"@id\":\"https:\/\/seedpotatoacademy.com\/#\/schema\/logo\/image\/\",\"url\":\"https:\/\/demo2.tematikmedya.com\/wp-content\/uploads\/2023\/10\/cropped-favicon-artarim-512.png\",\"contentUrl\":\"https:\/\/demo2.tematikmedya.com\/wp-content\/uploads\/2023\/10\/cropped-favicon-artarim-512.png\",\"width\":512,\"height\":512,\"caption\":\"AR TARIM AKADEM\u0130\"},\"image\":{\"@id\":\"https:\/\/seedpotatoacademy.com\/#\/schema\/logo\/image\/\"},\"sameAs\":[\"https:\/\/www.facebook.com\/artarimtohumculuk\",\"https:\/\/www.instagram.com\/seedpotatoacademy\/\",\"https:\/\/www.linkedin.com\/company\/ar-tarim-tohumculuk\",\"https:\/\/www.youtube.com\/channel\/UCo_bAmL4GrWZLZ349nqaGVQ\"]}]}<\/script>\n<!-- \/ Yoast SEO plugin. -->","yoast_head_json":{"title":"AR TARIM Tohumculuk San Ve Tic A.S Privacy Of Personal Data Text - AR TARIM AKADEM\u0130","robots":{"index":"index","follow":"follow","max-snippet":"max-snippet:-1","max-image-preview":"max-image-preview:large","max-video-preview":"max-video-preview:-1"},"canonical":"https:\/\/seedpotatoacademy.com\/gizlilik-politikasi\/","og_locale":"en_US","og_type":"article","og_title":"AR TARIM Tohumculuk San Ve Tic A.S Privacy Of Personal Data Text - AR TARIM AKADEM\u0130","og_description":"Your security means our security. As AR TARIM SAN. ve T\u0130C. A.\u015e. (AR AGRICULTURE INDUSTRY AND TRADE JOINT-STOCK COMPANY), we [...]","og_url":"https:\/\/seedpotatoacademy.com\/gizlilik-politikasi\/","og_site_name":"AR TARIM AKADEM\u0130","article_publisher":"https:\/\/www.facebook.com\/artarimtohumculuk","article_modified_time":"2023-10-25T13:41:48+00:00","og_image":[{"width":1275,"height":587,"url":"https:\/\/seedpotatoacademy.com\/wp-content\/uploads\/2023\/10\/iletisim-head.jpg","type":"image\/jpeg"}],"twitter_card":"summary_large_image","twitter_misc":{"Est. reading time":"4 minutes"},"schema":{"@context":"https:\/\/schema.org","@graph":[{"@type":"WebPage","@id":"https:\/\/seedpotatoacademy.com\/gizlilik-politikasi\/","url":"https:\/\/seedpotatoacademy.com\/gizlilik-politikasi\/","name":"AR TARIM Tohumculuk San Ve Tic A.S Privacy Of Personal Data Text - AR TARIM AKADEM\u0130","isPartOf":{"@id":"https:\/\/seedpotatoacademy.com\/#website"},"datePublished":"2023-10-04T09:30:00+00:00","dateModified":"2023-10-25T13:41:48+00:00","breadcrumb":{"@id":"https:\/\/seedpotatoacademy.com\/gizlilik-politikasi\/#breadcrumb"},"inLanguage":"en-US","potentialAction":[{"@type":"ReadAction","target":["https:\/\/seedpotatoacademy.com\/gizlilik-politikasi\/"]}]},{"@type":"BreadcrumbList","@id":"https:\/\/seedpotatoacademy.com\/gizlilik-politikasi\/#breadcrumb","itemListElement":[{"@type":"ListItem","position":1,"name":"Anasayfa","item":"https:\/\/seedpotatoacademy.com\/en\/"},{"@type":"ListItem","position":2,"name":"AR TARIM Tohumculuk San Ve Tic A.S Privacy Of Personal Data Text"}]},{"@type":"WebSite","@id":"https:\/\/seedpotatoacademy.com\/#website","url":"https:\/\/seedpotatoacademy.com\/","name":"AR TARIM AKADEM\u0130","description":"","publisher":{"@id":"https:\/\/seedpotatoacademy.com\/#organization"},"potentialAction":[{"@type":"SearchAction","target":{"@type":"EntryPoint","urlTemplate":"https:\/\/seedpotatoacademy.com\/?s={search_term_string}"},"query-input":"required name=search_term_string"}],"inLanguage":"en-US"},{"@type":"Organization","@id":"https:\/\/seedpotatoacademy.com\/#organization","name":"AR TARIM AKADEM\u0130","url":"https:\/\/seedpotatoacademy.com\/","logo":{"@type":"ImageObject","inLanguage":"en-US","@id":"https:\/\/seedpotatoacademy.com\/#\/schema\/logo\/image\/","url":"https:\/\/demo2.tematikmedya.com\/wp-content\/uploads\/2023\/10\/cropped-favicon-artarim-512.png","contentUrl":"https:\/\/demo2.tematikmedya.com\/wp-content\/uploads\/2023\/10\/cropped-favicon-artarim-512.png","width":512,"height":512,"caption":"AR TARIM AKADEM\u0130"},"image":{"@id":"https:\/\/seedpotatoacademy.com\/#\/schema\/logo\/image\/"},"sameAs":["https:\/\/www.facebook.com\/artarimtohumculuk","https:\/\/www.instagram.com\/seedpotatoacademy\/","https:\/\/www.linkedin.com\/company\/ar-tarim-tohumculuk","https:\/\/www.youtube.com\/channel\/UCo_bAmL4GrWZLZ349nqaGVQ"]}]}},"_links":{"self":[{"href":"https:\/\/seedpotatoacademy.com\/en\/wp-json\/wp\/v2\/pages\/992","targetHints":{"allow":["GET"]}}],"collection":[{"href":"https:\/\/seedpotatoacademy.com\/en\/wp-json\/wp\/v2\/pages"}],"about":[{"href":"https:\/\/seedpotatoacademy.com\/en\/wp-json\/wp\/v2\/types\/page"}],"author":[{"embeddable":true,"href":"https:\/\/seedpotatoacademy.com\/en\/wp-json\/wp\/v2\/users\/1"}],"replies":[{"embeddable":true,"href":"https:\/\/seedpotatoacademy.com\/en\/wp-json\/wp\/v2\/comments?post=992"}],"version-history":[{"count":6,"href":"https:\/\/seedpotatoacademy.com\/en\/wp-json\/wp\/v2\/pages\/992\/revisions"}],"predecessor-version":[{"id":1010,"href":"https:\/\/seedpotatoacademy.com\/en\/wp-json\/wp\/v2\/pages\/992\/revisions\/1010"}],"wp:featuredmedia":[{"embeddable":true,"href":"https:\/\/seedpotatoacademy.com\/en\/wp-json\/wp\/v2\/media\/646"}],"wp:attachment":[{"href":"https:\/\/seedpotatoacademy.com\/en\/wp-json\/wp\/v2\/media?parent=992"}],"curies":[{"name":"wp","href":"https:\/\/api.w.org\/{rel}","templated":true}]}}