{"id":1029,"date":"2023-10-19T17:22:04","date_gmt":"2023-10-19T14:22:04","guid":{"rendered":"https:\/\/demo2.tematikmedya.com\/contact\/"},"modified":"2026-03-26T15:34:44","modified_gmt":"2026-03-26T12:34:44","slug":"contact","status":"publish","type":"page","link":"https:\/\/seedpotatoacademy.com\/en\/contact\/","title":{"rendered":"Contact"},"content":{"rendered":"\r\n<div class=\"wp-block-group zigzag-yellow padding full-zone\"><div class=\"wp-block-group__inner-container is-layout-constrained wp-block-group-is-layout-constrained\">\r\n<div class=\"wp-block-columns aos-fade-up is-layout-flex wp-container-core-columns-is-layout-9d6595d7 wp-block-columns-is-layout-flex\">\r\n<div class=\"wp-block-column is-layout-flow wp-block-column-is-layout-flow\">\r\n<h3 class=\"wp-block-heading green-text\">Center<\/h3>\r\n\r\n\r\n\r\n<p class=\"has-black-color has-text-color\"><strong>AR TARIM TOHUMCULUK SAN ve T\u0130C A.\u015e.<\/strong><\/p>\r\n\r\n\r\n\r\n<p>Barbaros Mh. Ziya Sok. No: 2\r\nBo\u011fazi\u00e7i&nbsp; Plaza, B Blok, Kat: 4\r\nKocasinan &#8211; Kayseri \/ TURKIYE<br>\r\nPostal Code : 38040<\/p>\r\n\r\n\r\n\r\n<div data-remove=\"true\" data-id=\"sipa-content-data\" data-cats=\"contact-page-icons\" data-num=\"5\" data-posttype=\"sipaslide\" data-contenttype=\"list-icon\" data-buttontext=\"Explore\" data-coverclass=\"list-icons yellow\" data-covertag=\"ul\" data-priceinclude=\"false\" data-thumbnail=\"false\" data-order=\"desc\" data-lazyload=\"false\" class=\"wp-block-create-block-sipa-content-block\"><\/div><!-- SIPA Content Start :list-icon --><ul class=\"list-icons yellow\"><li>\n                \t\t\t<span class=\"img\"><img decoding=\"async\" src=\"https:\/\/seedpotatoacademy.com\/wp-content\/uploads\/2023\/10\/gsm.svg\" alt=\"(0) 352 330 30 32\"><\/span>\n\t\t\t\t\t\t\t<span>(0) 352 330 30 32<\/span>\n\t\t\t\t\t\t<\/li><li>\n                \t\t\t<span class=\"img\"><img decoding=\"async\" src=\"https:\/\/seedpotatoacademy.com\/wp-content\/uploads\/2023\/10\/fax.svg\" alt=\"(0) 352 330 30 32\"><\/span>\n\t\t\t\t\t\t\t<span>(0) 352 330 30 32<\/span>\n\t\t\t\t\t\t<\/li><li>\n                \t\t\t<span class=\"img\"><img decoding=\"async\" src=\"https:\/\/seedpotatoacademy.com\/wp-content\/uploads\/2023\/10\/mail.svg\" alt=\"info@artarimakademi.com\"><\/span>\n\t\t\t\t\t\t\t<span>info@artarimakademi.com<\/span>\n\t\t\t\t\t\t<\/li><\/ul><!-- SIPA Content end -->\r\n<\/div>\r\n\r\n\r\n\r\n<div class=\"wp-block-column is-layout-flow wp-block-column-is-layout-flow\">\n<div class=\"wpcf7 no-js\" id=\"wpcf7-f998-o1\" lang=\"en-US\" dir=\"ltr\">\n<div class=\"screen-reader-response\"><p role=\"status\" aria-live=\"polite\" aria-atomic=\"true\"><\/p> <ul><\/ul><\/div>\n<form action=\"\/en\/wp-json\/wp\/v2\/pages\/1029#wpcf7-f998-o1\" method=\"post\" class=\"wpcf7-form init\" aria-label=\"Contact form\" novalidate=\"novalidate\" data-status=\"init\">\n<div style=\"display: none;\">\n<input type=\"hidden\" name=\"_wpcf7\" value=\"998\" \/>\n<input type=\"hidden\" name=\"_wpcf7_version\" value=\"5.8.1\" \/>\n<input type=\"hidden\" name=\"_wpcf7_locale\" value=\"en_US\" \/>\n<input type=\"hidden\" name=\"_wpcf7_unit_tag\" value=\"wpcf7-f998-o1\" \/>\n<input type=\"hidden\" name=\"_wpcf7_container_post\" value=\"0\" \/>\n<input type=\"hidden\" name=\"_wpcf7_posted_data_hash\" value=\"\" \/>\n<\/div>\n<p><label> <span class=\"wpcf7-form-control-wrap\" data-name=\"your-name\"><input size=\"40\" class=\"wpcf7-form-control wpcf7-text wpcf7-validates-as-required\" autocomplete=\"name\" aria-required=\"true\" aria-invalid=\"false\" value=\"Name, surname\" type=\"text\" name=\"your-name\" \/><\/span> <\/label>\n<\/p>\n<p><label><br \/>\n<span class=\"wpcf7-form-control-wrap\" data-name=\"your-email\"><input size=\"40\" class=\"wpcf7-form-control wpcf7-email wpcf7-validates-as-required wpcf7-text wpcf7-validates-as-email\" autocomplete=\"email\" aria-required=\"true\" aria-invalid=\"false\" value=\"E-mail address\" type=\"email\" name=\"your-email\" \/><\/span> <\/label>\n<\/p>\n<p><label><br \/>\n<span class=\"wpcf7-form-control-wrap\" data-name=\"tel-375\"><input size=\"40\" class=\"wpcf7-form-control wpcf7-tel wpcf7-validates-as-required wpcf7-text wpcf7-validates-as-tel\" aria-required=\"true\" aria-invalid=\"false\" value=\"Phone numbers\" type=\"tel\" name=\"tel-375\" \/><\/span> <\/label>\n<\/p>\n<p><label><br \/>\n<span class=\"wpcf7-form-control-wrap\" data-name=\"your-message\"><textarea cols=\"40\" rows=\"10\" class=\"wpcf7-form-control wpcf7-textarea\" aria-invalid=\"false\" name=\"your-message\">Message<\/textarea><\/span> <\/label>\n<\/p>\n<p><input class=\"wpcf7-form-control wpcf7-submit has-spinner\" type=\"submit\" value=\"Send\" \/>\n<\/p>\n<p><span class=\"wpcf7-form-control-wrap\" data-name=\"acceptance-86\"><span class=\"wpcf7-form-control wpcf7-acceptance\"><span class=\"wpcf7-list-item\"><label><input type=\"checkbox\" name=\"acceptance-86\" value=\"1\" aria-invalid=\"false\" \/><span class=\"wpcf7-list-item-label\">I have read the <a href=\"\/en\/ar-tarim-tohumculuk-san-ve-tic-a-s-privacy-of-personal-data-text\/\" target=\"_blank\"> Privacy Policy.<\/a> I consent to the processing of my <a href=\"\/en\/personal-data\/\" target=\"_blank\"> Personal Data.<\/a> <\/a><\/span><\/label><\/span><\/span><\/span>\n<\/p>\n\n <div class=\"wpcf7-response-output\" aria-hidden=\"true\"><\/div>\n<\/form>\n<\/div>\n\n<\/div>\r\n<\/div>\r\n<\/div><\/div>\r\n\r\n\r\n\r\n<div class=\"wp-block-group google-map full-zone full-inside\"><div class=\"wp-block-group__inner-container is-layout-constrained wp-block-group-is-layout-constrained\">\r\n<iframe loading=\"lazy\" src=\"https:\/\/www.google.com\/maps\/embed?pb=!1m18!1m12!1m3!1d3112.274235815428!2d35.47696761159012!3d38.73446876509985!2m3!1f0!2f0!3f0!3m2!1i1024!2i768!4f13.1!3m3!1m2!1s0x152b11f2d687eea1%3A0x3980cf487c242829!2sAR%20TARIM%20TOHUMCULUK%20SAN.T%C4%B0C%20A%C5%9E!5e0!3m2!1str!2str!4v1774528203800!5m2!1str!2str\" width=\"100%\" height=\"100%\"><\/iframe>\r\n<\/div><\/div>\r\n","protected":false},"excerpt":{"rendered":"<p>Center AR TARIM TOHUMCULUK SAN ve T\u0130C A.\u015e. Barbaros Mh. Ziya Sok. No: 2 Bo\u011fazi\u00e7i&nbsp; Plaza, B Blok, Kat: 4 [&#8230;]\n","protected":false},"author":1,"featured_media":646,"parent":0,"menu_order":0,"comment_status":"closed","ping_status":"closed","template":"page-artarim.php","meta":{"footnotes":""},"class_list":["post-1029","page","type-page","status-publish","has-post-thumbnail","hentry"],"acf":[],"yoast_head":"<!-- This site is optimized with the Yoast SEO plugin v21.7 - https:\/\/yoast.com\/wordpress\/plugins\/seo\/ -->\n<title>Contact - AR TARIM AKADEM\u0130<\/title>\n<meta name=\"robots\" content=\"index, follow, max-snippet:-1, max-image-preview:large, max-video-preview:-1\" \/>\n<link rel=\"canonical\" href=\"https:\/\/seedpotatoacademy.com\/en\/contact\/\" \/>\n<meta property=\"og:locale\" content=\"en_US\" \/>\n<meta property=\"og:type\" content=\"article\" \/>\n<meta property=\"og:title\" content=\"Contact - AR TARIM AKADEM\u0130\" \/>\n<meta property=\"og:description\" content=\"Center AR TARIM TOHUMCULUK SAN ve T\u0130C A.\u015e. Barbaros Mh. Ziya Sok. No: 2 Bo\u011fazi\u00e7i&nbsp; Plaza, B Blok, Kat: 4 [...]\" \/>\n<meta property=\"og:url\" content=\"https:\/\/seedpotatoacademy.com\/en\/contact\/\" \/>\n<meta property=\"og:site_name\" content=\"AR TARIM AKADEM\u0130\" \/>\n<meta property=\"article:publisher\" content=\"https:\/\/www.facebook.com\/artarimtohumculuk\" \/>\n<meta property=\"article:modified_time\" content=\"2026-03-26T12:34:44+00:00\" \/>\n<meta property=\"og:image\" content=\"https:\/\/seedpotatoacademy.com\/wp-content\/uploads\/2023\/10\/iletisim-head.jpg\" \/>\n\t<meta property=\"og:image:width\" content=\"1275\" \/>\n\t<meta property=\"og:image:height\" content=\"587\" \/>\n\t<meta property=\"og:image:type\" content=\"image\/jpeg\" \/>\n<meta name=\"twitter:card\" content=\"summary_large_image\" \/>\n<meta name=\"twitter:label1\" content=\"Est. reading time\" \/>\n\t<meta name=\"twitter:data1\" content=\"1 minute\" \/>\n<script type=\"application\/ld+json\" class=\"yoast-schema-graph\">{\"@context\":\"https:\/\/schema.org\",\"@graph\":[{\"@type\":\"WebPage\",\"@id\":\"https:\/\/seedpotatoacademy.com\/en\/contact\/\",\"url\":\"https:\/\/seedpotatoacademy.com\/en\/contact\/\",\"name\":\"Contact - AR TARIM AKADEM\u0130\",\"isPartOf\":{\"@id\":\"https:\/\/seedpotatoacademy.com\/#website\"},\"datePublished\":\"2023-10-19T14:22:04+00:00\",\"dateModified\":\"2026-03-26T12:34:44+00:00\",\"breadcrumb\":{\"@id\":\"https:\/\/seedpotatoacademy.com\/en\/contact\/#breadcrumb\"},\"inLanguage\":\"en-US\",\"potentialAction\":[{\"@type\":\"ReadAction\",\"target\":[\"https:\/\/seedpotatoacademy.com\/en\/contact\/\"]}]},{\"@type\":\"BreadcrumbList\",\"@id\":\"https:\/\/seedpotatoacademy.com\/en\/contact\/#breadcrumb\",\"itemListElement\":[{\"@type\":\"ListItem\",\"position\":1,\"name\":\"Anasayfa\",\"item\":\"https:\/\/seedpotatoacademy.com\/en\/\"},{\"@type\":\"ListItem\",\"position\":2,\"name\":\"Contact\"}]},{\"@type\":\"WebSite\",\"@id\":\"https:\/\/seedpotatoacademy.com\/#website\",\"url\":\"https:\/\/seedpotatoacademy.com\/\",\"name\":\"AR TARIM AKADEM\u0130\",\"description\":\"\",\"publisher\":{\"@id\":\"https:\/\/seedpotatoacademy.com\/#organization\"},\"potentialAction\":[{\"@type\":\"SearchAction\",\"target\":{\"@type\":\"EntryPoint\",\"urlTemplate\":\"https:\/\/seedpotatoacademy.com\/?s={search_term_string}\"},\"query-input\":\"required name=search_term_string\"}],\"inLanguage\":\"en-US\"},{\"@type\":\"Organization\",\"@id\":\"https:\/\/seedpotatoacademy.com\/#organization\",\"name\":\"AR TARIM AKADEM\u0130\",\"url\":\"https:\/\/seedpotatoacademy.com\/\",\"logo\":{\"@type\":\"ImageObject\",\"inLanguage\":\"en-US\",\"@id\":\"https:\/\/seedpotatoacademy.com\/#\/schema\/logo\/image\/\",\"url\":\"https:\/\/demo2.tematikmedya.com\/wp-content\/uploads\/2023\/10\/cropped-favicon-artarim-512.png\",\"contentUrl\":\"https:\/\/demo2.tematikmedya.com\/wp-content\/uploads\/2023\/10\/cropped-favicon-artarim-512.png\",\"width\":512,\"height\":512,\"caption\":\"AR TARIM AKADEM\u0130\"},\"image\":{\"@id\":\"https:\/\/seedpotatoacademy.com\/#\/schema\/logo\/image\/\"},\"sameAs\":[\"https:\/\/www.facebook.com\/artarimtohumculuk\",\"https:\/\/www.instagram.com\/seedpotatoacademy\/\",\"https:\/\/www.linkedin.com\/company\/ar-tarim-tohumculuk\",\"https:\/\/www.youtube.com\/channel\/UCo_bAmL4GrWZLZ349nqaGVQ\"]}]}<\/script>\n<!-- \/ Yoast SEO plugin. -->","yoast_head_json":{"title":"Contact - AR TARIM AKADEM\u0130","robots":{"index":"index","follow":"follow","max-snippet":"max-snippet:-1","max-image-preview":"max-image-preview:large","max-video-preview":"max-video-preview:-1"},"canonical":"https:\/\/seedpotatoacademy.com\/en\/contact\/","og_locale":"en_US","og_type":"article","og_title":"Contact - AR TARIM AKADEM\u0130","og_description":"Center AR TARIM TOHUMCULUK SAN ve T\u0130C A.\u015e. Barbaros Mh. Ziya Sok. No: 2 Bo\u011fazi\u00e7i&nbsp; Plaza, B Blok, Kat: 4 [...]","og_url":"https:\/\/seedpotatoacademy.com\/en\/contact\/","og_site_name":"AR TARIM AKADEM\u0130","article_publisher":"https:\/\/www.facebook.com\/artarimtohumculuk","article_modified_time":"2026-03-26T12:34:44+00:00","og_image":[{"width":1275,"height":587,"url":"https:\/\/seedpotatoacademy.com\/wp-content\/uploads\/2023\/10\/iletisim-head.jpg","type":"image\/jpeg"}],"twitter_card":"summary_large_image","twitter_misc":{"Est. reading time":"1 minute"},"schema":{"@context":"https:\/\/schema.org","@graph":[{"@type":"WebPage","@id":"https:\/\/seedpotatoacademy.com\/en\/contact\/","url":"https:\/\/seedpotatoacademy.com\/en\/contact\/","name":"Contact - AR TARIM AKADEM\u0130","isPartOf":{"@id":"https:\/\/seedpotatoacademy.com\/#website"},"datePublished":"2023-10-19T14:22:04+00:00","dateModified":"2026-03-26T12:34:44+00:00","breadcrumb":{"@id":"https:\/\/seedpotatoacademy.com\/en\/contact\/#breadcrumb"},"inLanguage":"en-US","potentialAction":[{"@type":"ReadAction","target":["https:\/\/seedpotatoacademy.com\/en\/contact\/"]}]},{"@type":"BreadcrumbList","@id":"https:\/\/seedpotatoacademy.com\/en\/contact\/#breadcrumb","itemListElement":[{"@type":"ListItem","position":1,"name":"Anasayfa","item":"https:\/\/seedpotatoacademy.com\/en\/"},{"@type":"ListItem","position":2,"name":"Contact"}]},{"@type":"WebSite","@id":"https:\/\/seedpotatoacademy.com\/#website","url":"https:\/\/seedpotatoacademy.com\/","name":"AR TARIM AKADEM\u0130","description":"","publisher":{"@id":"https:\/\/seedpotatoacademy.com\/#organization"},"potentialAction":[{"@type":"SearchAction","target":{"@type":"EntryPoint","urlTemplate":"https:\/\/seedpotatoacademy.com\/?s={search_term_string}"},"query-input":"required name=search_term_string"}],"inLanguage":"en-US"},{"@type":"Organization","@id":"https:\/\/seedpotatoacademy.com\/#organization","name":"AR TARIM AKADEM\u0130","url":"https:\/\/seedpotatoacademy.com\/","logo":{"@type":"ImageObject","inLanguage":"en-US","@id":"https:\/\/seedpotatoacademy.com\/#\/schema\/logo\/image\/","url":"https:\/\/demo2.tematikmedya.com\/wp-content\/uploads\/2023\/10\/cropped-favicon-artarim-512.png","contentUrl":"https:\/\/demo2.tematikmedya.com\/wp-content\/uploads\/2023\/10\/cropped-favicon-artarim-512.png","width":512,"height":512,"caption":"AR TARIM AKADEM\u0130"},"image":{"@id":"https:\/\/seedpotatoacademy.com\/#\/schema\/logo\/image\/"},"sameAs":["https:\/\/www.facebook.com\/artarimtohumculuk","https:\/\/www.instagram.com\/seedpotatoacademy\/","https:\/\/www.linkedin.com\/company\/ar-tarim-tohumculuk","https:\/\/www.youtube.com\/channel\/UCo_bAmL4GrWZLZ349nqaGVQ"]}]}},"_links":{"self":[{"href":"https:\/\/seedpotatoacademy.com\/en\/wp-json\/wp\/v2\/pages\/1029","targetHints":{"allow":["GET"]}}],"collection":[{"href":"https:\/\/seedpotatoacademy.com\/en\/wp-json\/wp\/v2\/pages"}],"about":[{"href":"https:\/\/seedpotatoacademy.com\/en\/wp-json\/wp\/v2\/types\/page"}],"author":[{"embeddable":true,"href":"https:\/\/seedpotatoacademy.com\/en\/wp-json\/wp\/v2\/users\/1"}],"replies":[{"embeddable":true,"href":"https:\/\/seedpotatoacademy.com\/en\/wp-json\/wp\/v2\/comments?post=1029"}],"version-history":[{"count":5,"href":"https:\/\/seedpotatoacademy.com\/en\/wp-json\/wp\/v2\/pages\/1029\/revisions"}],"predecessor-version":[{"id":1618,"href":"https:\/\/seedpotatoacademy.com\/en\/wp-json\/wp\/v2\/pages\/1029\/revisions\/1618"}],"wp:featuredmedia":[{"embeddable":true,"href":"https:\/\/seedpotatoacademy.com\/en\/wp-json\/wp\/v2\/media\/646"}],"wp:attachment":[{"href":"https:\/\/seedpotatoacademy.com\/en\/wp-json\/wp\/v2\/media?parent=1029"}],"curies":[{"name":"wp","href":"https:\/\/api.w.org\/{rel}","templated":true}]}}